{"id":2,"date":"2016-05-10T03:48:21","date_gmt":"2016-05-10T03:48:21","guid":{"rendered":"http:\/\/qnsint.com\/?page_id=2"},"modified":"2026-01-21T16:13:51","modified_gmt":"2026-01-21T22:13:51","slug":"sample-page","status":"publish","type":"page","link":"https:\/\/qnsint.com\/","title":{"rendered":"QN SOLUCIONES INTERNACIONALES S.A."},"content":{"rendered":"\n<p><\/p>\n\n\n\n<p style=\"font-size:25px\">Soluciones En Electr\u00f3nica Industrial:<\/p>\n\n\n\n<p class=\"has-medium-font-size\">&#8211;<a href=\"https:\/\/qnsint.com\/?page_id=28\" data-type=\"page\" data-id=\"28\">Automatizaci\u00f3n<\/a>.<\/p>\n\n\n\n<p class=\"has-medium-font-size\">&#8211;<a href=\"https:\/\/qnsint.com\/?page_id=37\" data-type=\"page\" data-id=\"37\">Calidad El\u00e9ctrica<\/a>.<\/p>\n\n\n\n<p class=\"has-medium-font-size\">-Control Electr\u00f3nico de Motores.<\/p>\n\n\n\n<p><strong>-Sistemas de Iluminaci\u00f3n Electr\u00f3nica.<\/strong><\/p>\n\n\n\n<p><strong>-Sistemas de Energ\u00eda Alternativa.<\/strong><\/p>\n\n\n\n<p><strong>-Sensores y Actuadores Electr\u00f3nicos.<\/strong><\/p>\n\n\n\n<p><strong>-Conectores para Electr\u00edcidad y Electr\u00f3nica.<\/strong><\/p>\n\n\n\n<p class=\"has-medium-font-size\">-Servicio de Puesta en Marcha.<\/p>\n\n\n\n<p class=\"has-medium-font-size\">-Servicio De Diagnostico y Soluci\u00f3n.<\/p>\n\n\n\n<p class=\"has-medium-font-size\">Tel\u00e9fonos: +506 4000 2297, +506 2250 1325<\/p>\n\n\n\n<p class=\"has-medium-font-size\">M\u00f3viles: +506 8352 2433, +506 8468 4635<\/p>\n\n\n\n<p class=\"has-medium-font-size\">E-Mail: info@qnsint.com<\/p>\n","protected":false},"excerpt":{"rendered":"<p>Soluciones En Electr\u00f3nica Industrial: &#8211;Automatizaci\u00f3n. &#8211;Calidad El\u00e9ctrica. -Control Electr\u00f3nico de Motores. -Sistemas de Iluminaci\u00f3n Electr\u00f3nica. -Sistemas de Energ\u00eda Alternativa. -Sensores y Actuadores Electr\u00f3nicos. -Conectores para Electr\u00edcidad y Electr\u00f3nica. -Servicio de Puesta en Marcha. -Servicio De Diagnostico y Soluci\u00f3n. Tel\u00e9fonos: +506 4000 2297, +506 2250 1325 M\u00f3viles: +506 8352 2433, +506 8468 4635 E-Mail: info@qnsint.com<\/p>\n","protected":false},"author":1,"featured_media":0,"parent":0,"menu_order":0,"comment_status":"closed","ping_status":"closed","template":"","meta":{"footnotes":""},"class_list":["post-2","page","type-page","status-publish","hentry"],"_links":{"self":[{"href":"https:\/\/qnsint.com\/index.php?rest_route=\/wp\/v2\/pages\/2","targetHints":{"allow":["GET"]}}],"collection":[{"href":"https:\/\/qnsint.com\/index.php?rest_route=\/wp\/v2\/pages"}],"about":[{"href":"https:\/\/qnsint.com\/index.php?rest_route=\/wp\/v2\/types\/page"}],"author":[{"embeddable":true,"href":"https:\/\/qnsint.com\/index.php?rest_route=\/wp\/v2\/users\/1"}],"replies":[{"embeddable":true,"href":"https:\/\/qnsint.com\/index.php?rest_route=%2Fwp%2Fv2%2Fcomments&post=2"}],"version-history":[{"count":18,"href":"https:\/\/qnsint.com\/index.php?rest_route=\/wp\/v2\/pages\/2\/revisions"}],"predecessor-version":[{"id":47,"href":"https:\/\/qnsint.com\/index.php?rest_route=\/wp\/v2\/pages\/2\/revisions\/47"}],"wp:attachment":[{"href":"https:\/\/qnsint.com\/index.php?rest_route=%2Fwp%2Fv2%2Fmedia&parent=2"}],"curies":[{"name":"wp","href":"https:\/\/api.w.org\/{rel}","templated":true}]}}